{"id":689,"date":"2016-08-24T07:44:53","date_gmt":"2016-08-24T07:44:53","guid":{"rendered":"https:\/\/dinbeat.com\/en\/?page_id=689"},"modified":"2017-04-05T14:14:48","modified_gmt":"2017-04-05T14:14:48","slug":"privacy-policy","status":"publish","type":"page","link":"https:\/\/dinbeat.com\/en\/privacy-policy\/","title":{"rendered":"PRIVACY POLICY"},"content":{"rendered":"<p>[et_pb_section bb_built=&#8221;1&#8243; admin_label=&#8221;section&#8221;][et_pb_row admin_label=&#8221;row&#8221;][et_pb_column type=&#8221;4_4&#8243;][et_pb_text admin_label=&#8221;Texto&#8221; background_layout=&#8221;light&#8221; text_orientation=&#8221;left&#8221; use_border_color=&#8221;off&#8221; border_color=&#8221;#ffffff&#8221; border_style=&#8221;solid&#8221;]<\/p>\n<h1 style=\"text-align: center;\">PRIVACY POLICY<\/h1>\n<h1><\/h1>\n<h1><\/h1>\n<h4 style=\"padding-left: 30px;\">1.GENERAL INFORMATION<\/h4>\n<p>This text contains the privacy policy (hereinafter, the \u201c<strong>Privacy Policy<\/strong>\u201d) that applies to your personal data when you visit our web https:\/\/dinbeat.com (hereinafter, the \u201c<strong>Website<\/strong>\u201d), in compliance with the legislation of protection of privacy, and in particular, in compliance with the organic law 15\/1999, of December 13, of protection of personal data and the royal decree 1720\/2007, of December 21, that develops it, as well as other analogous and additional legislation.<\/p>\n<p>&nbsp;<\/p>\n<h4 style=\"padding-left: 30px;\">2. IDENTIFYING DATA<\/h4>\n<p>The identifying data and contact details of the owner and responsible of the Website are the following:<\/p>\n<p>DINDOG TECH SL (hereinafter, the \u201c<strong>Website Owner<\/strong>\u201d)<\/p>\n<p>Registry information: Inscrita en el Registro Mercantil de Barcelona, en el Tomo 45322, Folio: 91, Hoja: 484123<\/p>\n<p>CIF: B-66750449<\/p>\n<p>Domicile: Calle Sardenya 195, 6-6, 08013, Barcelona<\/p>\n<p>Email: contacto@dinbeat.com<\/p>\n<p>&nbsp;<\/p>\n<h4 style=\"padding-left: 30px;\">3. PURPOSE OF THE COLLECTION OF DATA<\/h4>\n<p>The Website collects personal data of the user, either automatically during the use of the Website, or provided voluntarily by the user himself in the sections informed in the Website. We will incorporate all personal data collected to files under the responsibility of the Website Owner. The said data will be treated for the following purposes:<\/p>\n<ul>\n<li>To take into consideration the curriculum vitae for the selection of candidates.<\/li>\n<li>To send advertising communications (in case it was expressly authorised at the right time) related with the products and services offered in the Website.<\/li>\n<li>To manage the services and products contracted through the Website.<\/li>\n<li>To show the information of the user in his Website account\u2019s profile.<\/li>\n<li>To be able to contact the user.<\/li>\n<li>To be able to register the user in the Website.<\/li>\n<\/ul>\n<p>Before you provide us with third party personal data, you must have previously obtained their consent regarding the content of this Privacy Policy.<\/p>\n<p>If you voluntarily provide us personal data, we understand that you authorize the Website Owner to process your data as specified herein. In case the personal data provided by the user was to be used for other purposes than those mentioned above, it will be requested previous express consent by the user.<\/p>\n<p>In order to receive further information about your personal data and the purposes of the treatment, contact the Website Owner.<\/p>\n<p>&nbsp;<\/p>\n<h4 style=\"padding-left: 30px;\">4. SECURITY AND COMPLIANCE<\/h4>\n<p>The Website Owner shall treat the data of the users in an adequate and responsible manner, and shall adopt all measures both technical and organizational that binding regulations establish with regard to data protection in order to preserve the alteration, loss, treatment or unauthorised access to the data.<\/p>\n<p>&nbsp;<\/p>\n<h4 style=\"padding-left: 30px;\">5. THIRD PARTY SERVICES<\/h4>\n<p>Besides from the Website Owner, under some circumstances other people, either from our own organization of the company or external subcontractors (such as lawyers, marketing agencies, computer specialists, administration, courier companies, auditors or communication agencies) may access the data in order to provide properly the services to the user.<\/p>\n<p>&nbsp;<\/p>\n<h4 style=\"padding-left: 30px;\">6. RIGHTS<\/h4>\n<p>You can exercise the rights of access, rectification, erasure and opposition by sending a written communication to which you must attach a copy of your national identity card or passport or any other valid document that identifies you, the petition you exercise, your address for the purposes of notifications, date and your signature, along with the documents that support your petition, as the case may be, to the address Calle Sardenya 195, 6-6, 08013, Barcelona, or send an email to contacto@dinbeat.com.<\/p>\n<p>&nbsp;<\/p>\n<p>[\/et_pb_text][\/et_pb_column][\/et_pb_row][\/et_pb_section]<\/p>\n","protected":false},"excerpt":{"rendered":"<p>PRIVACY POLICY 1.GENERAL INFORMATION This text contains the privacy policy (hereinafter, the \u201cPrivacy Policy\u201d) that applies to your personal data when you visit our web https:\/\/dinbeat.com (hereinafter, the \u201cWebsite\u201d), in compliance with the legislation of protection of privacy, and in particular, in compliance with the organic law 15\/1999, of December 13, of protection of personal [&hellip;]<\/p>\n","protected":false},"author":4,"featured_media":0,"parent":0,"menu_order":0,"comment_status":"closed","ping_status":"closed","template":"","meta":{"_et_pb_use_builder":"on","_et_pb_old_content":"<h1 style=\"text-align: center;\">\u00a0<\/h1><h1 style=\"text-align: center;\">\u00a0<\/h1><h1 style=\"text-align: center;\">\u00a0<\/h1><h4>\u00a0\u00a0\u00a0\u00a0 1. INFORMACI\u00d3N GENERAL<\/h4><p>El presente texto contiene la pol\u00edtica de privacidad (en adelante, la \u201c<strong>Pol\u00edtica de Privacidad<\/strong>\u201d) aplicada a sus datos personales en el presente sitio web https:\/\/dinbeat.com (en adelante, la \u201c<strong>Web<\/strong>\u201d), en cumplimiento de la normativa sobre protecci\u00f3n de la privacidad, y en concreto, de conformidad con la Ley Org\u00e1nica 15\/1999, de 13 de diciembre, de Protecci\u00f3n de Datos de Car\u00e1cter Personal y el Real Decreto 1720\/2007, de 21 de diciembre que la desarrolla, as\u00ed como otras normas an\u00e1logas o complementarias.<\/p><p>\u00a0<\/p><h4>\u00a0\u00a0\u00a0\u00a0 2. DATOS IDENTIFICATIVOS<\/h4><p>Los datos identificativos y de contacto del titular y responsable de la Web son los que figuran a continuaci\u00f3n:<\/p><p>DINDOG TECH SL (en adelante, el \u201c<strong>Titular de la Web<\/strong>\u201d)<\/p><p>Datos registrales: Inscrita en el Registro Mercantil de Barcelona, en el Tomo 45322, Folio: 91, Hoja: 484123<\/p><p>CIF: B-66750449<\/p><p>Domicilio: Calle Sardenya 195, 6-6, 08013, Barcelona<\/p><p>Email: contacto@dinbeat.com<\/p><p>\u00a0<\/p><h4><strong>\u00a0\u00a0<\/strong>\u00a0\u00a0 3. FINALIDAD DEL TRATAMIENTO DE LOS DATOS<\/h4><p>La Web recoge datos personales del usuario, bien recogidos autom\u00e1ticamente durante el uso de la Web, o proporcionados voluntariamente por el propio usuario en los apartados informados de la Web. Todos los datos personales recogidos, los incorporamos a ficheros responsabilidad del Titular de la Web. Dichos datos ser\u00e1n tratados con las finalidades siguientes:<\/p><ul><li>Para tener en cuenta su curr\u00edculum vitae en los procesos de selecci\u00f3n de personal.<\/li><li>Para efectuar el env\u00edo de comunicaciones publicitarias (en el supuesto que lo autorice expresamente en el momento oportuno) relacionadas con los productos y servicios ofrecidos en la Web.<\/li><li>Para gestionar los servicios y productos contratados a trav\u00e9s de la Web.<\/li><li>Para mostrar la informaci\u00f3n del usuario en el perfil de su cuenta de la Web.<\/li><li>Para poder contactar con el usuario.<\/li><li>Para efectuar el registro como usuario en la Web.<\/li><\/ul><p>Antes de que nos facilite datos personales de terceros, debe haber recabado previamente su consentimiento respecto al contenido de la presente Pol\u00edtica de Privacidad.<\/p><p>Si voluntariamente nos facilita datos de car\u00e1cter personal, consiente t\u00e1citamente a que el Titular de la Web procese sus datos como aqu\u00ed se detalla. En el caso en el que los datos personales facilitados por el usuario se utilicen con finalidades distintas a las enunciadas, se solicitar\u00e1 el consentimiento expreso del usuario.<\/p><p>Para recibir mayor informaci\u00f3n sobre sus datos personales y la finalidad de\u00a0 su tratamiento, contacten con el Titular de la Web.<\/p><p>\u00a0<\/p><h4>\u00a0\u00a0\u00a0\u00a0 4. SEGURIDAD Y CUMPLIMIENTO<\/h4><p>El Titular de la Web tratar\u00e1 los datos de los usuarios de manera adecuada y responsable, y adoptar\u00e1 todas las medidas de \u00edndole t\u00e9cnica y organizativa que exige la legislaci\u00f3n vigente en materia de protecci\u00f3n de datos, a fin de evitar la alteraci\u00f3n, p\u00e9rdida, tratamiento o acceso no autorizado a los datos.<\/p><p>\u00a0<\/p><h4><strong>\u00a0\u00a0\u00a0<\/strong>\u00a0 5. SERVICIOS DE TERCEROS<\/h4><p>Al margen del Titular de la Web, en algunas circunstancias otras personas, bien de la propia organizaci\u00f3n de la empresa o subcontratistas externos (tales como, abogados, agencias de marketing, inform\u00e1ticos, administraci\u00f3n, empresas de mensajer\u00eda, auditores o agencias de comunicaci\u00f3n), podr\u00e1n acceder a los datos para cumplir con una adecuada prestaci\u00f3n de los servicios al usuario.<\/p><p>\u00a0<\/p><h4><strong>\u00a0\u00a0\u00a0\u00a0<\/strong> 6. DERECHOS<\/h4><p>Puede ejercer sus derechos de acceso, rectificaci\u00f3n, cancelaci\u00f3n y oposici\u00f3n, remitiendo una comunicaci\u00f3n escrita a la que deber\u00e1 acompa\u00f1ar una copia de su documento nacional de identidad, pasaporte u otro documento v\u00e1lido que lo identifique, la petici\u00f3n que realiza, su direcci\u00f3n a efectos de notificaciones, la fecha y su firma, junto con los documentos que acrediten la petici\u00f3n, en su caso, a la direcci\u00f3n Calle Sardenya 195, 6-6, 08013, Barcelona, o bien enviando un correo electr\u00f3nico a contacto@dinbeat.com.<\/p><p>\u00a0<\/p>","_et_gb_content_width":"","content-type":"","footnotes":""},"class_list":["post-689","page","type-page","status-publish","hentry"],"_links":{"self":[{"href":"https:\/\/dinbeat.com\/en\/wp-json\/wp\/v2\/pages\/689","targetHints":{"allow":["GET"]}}],"collection":[{"href":"https:\/\/dinbeat.com\/en\/wp-json\/wp\/v2\/pages"}],"about":[{"href":"https:\/\/dinbeat.com\/en\/wp-json\/wp\/v2\/types\/page"}],"author":[{"embeddable":true,"href":"https:\/\/dinbeat.com\/en\/wp-json\/wp\/v2\/users\/4"}],"replies":[{"embeddable":true,"href":"https:\/\/dinbeat.com\/en\/wp-json\/wp\/v2\/comments?post=689"}],"version-history":[{"count":7,"href":"https:\/\/dinbeat.com\/en\/wp-json\/wp\/v2\/pages\/689\/revisions"}],"predecessor-version":[{"id":32555,"href":"https:\/\/dinbeat.com\/en\/wp-json\/wp\/v2\/pages\/689\/revisions\/32555"}],"wp:attachment":[{"href":"https:\/\/dinbeat.com\/en\/wp-json\/wp\/v2\/media?parent=689"}],"curies":[{"name":"wp","href":"https:\/\/api.w.org\/{rel}","templated":true}]}}